{"id":32298,"date":"2024-02-19T09:48:17","date_gmt":"2024-02-19T08:48:17","guid":{"rendered":"https:\/\/www.ivh9.si\/Ponudbe\/kgm\/?post_type=product&#038;p=32298"},"modified":"2024-02-23T11:41:01","modified_gmt":"2024-02-23T10:41:01","slug":"traktorski-vilicar-utv","status":"publish","type":"product","link":"https:\/\/www.kmg-podlehnik.si\/de\/trgovina\/vinogradniska-oprema\/traktorski-vilicar-utv\/","title":{"rendered":"Traktorski vili\u010dar"},"content":{"rendered":"<p style=\"font-weight: 400;\">Traktorski vili\u010dar UTV lahko priklju\u010dimo na \u010delno, zadnjo hidravliko ali po meri narejeno vpetje. Namenjen je prena\u0161anju in manipuliranju tovorov v vinogradih, sadovnjakih \u2026 Lahka in hkrati mo\u010dna konstrukcija omogo\u010da monta\u017eo in delo z la\u017ejimi izvedbami traktorjev.<\/p>\n<p style=\"font-weight: 400;\"><strong>Tehni\u010dni podatki: <\/strong><\/p>\n<ul>\n<li>Potrebna mo\u010d traktorja: 18\u201355 kW (25\u201375 KM).<\/li>\n<li>Maksimalna vi\u0161ina dviganja: 2,7 m s paletnimi vilicami, 2,3 m z inox posodo (pri odprtem polo\u017eaju posode).<\/li>\n<li>Maksimalna sila dviganja: 12 kN (1200 kg) pri 180 bar.<\/li>\n<li>Paletne vilice dol\u017eine 1000 ali 1200 mm.<\/li>\n<li>Lastna te\u017ea 280 kg.<\/li>\n<li>Stojalo za skladi\u0161\u010denje.<\/li>\n<\/ul>\n<p style=\"font-weight: 400;\">\n<p style=\"font-weight: 400;\"><strong>Mo\u017enosti dodate opreme:<\/strong><\/p>\n<ul>\n<li>Hidravli\u010dni bo\u010dni pomik jarma.<\/li>\n<li>Nadgradnja z dodatno hidravli\u010dno linijo.<\/li>\n<li>Nadgradnja s hidravli\u010dnim ventilom.<\/li>\n<\/ul>\n<p style=\"font-weight: 400;\">\n<p style=\"font-weight: 400;\"><strong>Priklju\u010dki: <\/strong><\/p>\n<ul>\n<li>Inox obra\u010dalna posoda 800 litrov.<\/li>\n<li>Paletne vilice.<\/li>\n<li>Vilice za okrogle bale.<\/li>\n<li>Lopata za sipki tovor.<\/li>\n<li>Obra\u010dalo za boks palete.<\/li>\n<\/ul>\n<p>&nbsp;<\/p>","protected":false},"excerpt":{"rendered":"<p>Traktorski vili\u010dar UTV lahko priklju\u010dimo na \u010delno, zadnjo hidravliko ali po meri narejeno vpetje. Namenjen je prena\u0161anju in manipuliranju tovorov v vinogradih, sadovnjakih \u2026 Lahka in hkrati mo\u010dna konstrukcija omogo\u010da monta\u017eo in delo z la\u017ejimi izvedbami traktorjev. Tehni\u010dni podatki: Potrebna mo\u010d traktorja: 18\u201355 kW (25\u201375 KM). Maksimalna vi\u0161ina dviganja: 2,7 m s paletnimi vilicami, 2,3 [&hellip;]<\/p>","protected":false},"featured_media":32513,"comment_status":"closed","ping_status":"closed","template":"","meta":{"_seopress_robots_primary_cat":"none"},"product_cat":[426],"product_tag":[],"_links":{"self":[{"href":"https:\/\/www.kmg-podlehnik.si\/de\/wp-json\/wp\/v2\/product\/32298"}],"collection":[{"href":"https:\/\/www.kmg-podlehnik.si\/de\/wp-json\/wp\/v2\/product"}],"about":[{"href":"https:\/\/www.kmg-podlehnik.si\/de\/wp-json\/wp\/v2\/types\/product"}],"replies":[{"embeddable":true,"href":"https:\/\/www.kmg-podlehnik.si\/de\/wp-json\/wp\/v2\/comments?post=32298"}],"version-history":[{"count":0,"href":"https:\/\/www.kmg-podlehnik.si\/de\/wp-json\/wp\/v2\/product\/32298\/revisions"}],"wp:featuredmedia":[{"embeddable":true,"href":"https:\/\/www.kmg-podlehnik.si\/de\/wp-json\/wp\/v2\/media\/32513"}],"wp:attachment":[{"href":"https:\/\/www.kmg-podlehnik.si\/de\/wp-json\/wp\/v2\/media?parent=32298"}],"wp:term":[{"taxonomy":"product_cat","embeddable":true,"href":"https:\/\/www.kmg-podlehnik.si\/de\/wp-json\/wp\/v2\/product_cat?post=32298"},{"taxonomy":"product_tag","embeddable":true,"href":"https:\/\/www.kmg-podlehnik.si\/de\/wp-json\/wp\/v2\/product_tag?post=32298"}],"curies":[{"name":"wp","href":"https:\/\/api.w.org\/{rel}","templated":true}]}}